{"id":15,"date":"2019-03-06T16:46:05","date_gmt":"2019-03-06T15:46:05","guid":{"rendered":"http:\/\/qd-formations.fr\/?page_id=15"},"modified":"2019-12-11T17:58:13","modified_gmt":"2019-12-11T16:58:13","slug":"financement","status":"publish","type":"page","link":"https:\/\/qd-formations.fr\/index.php\/financement\/","title":{"rendered":"Financement"},"content":{"rendered":"\n<h1><strong>Quelles sont les d\u00e9marches pour une prise en charge financi\u00e8re&nbsp;?&nbsp;<\/strong><\/h1>\n\n\n\n<p>Que vous soyez un professionnel ou un particulier, un artisan, un salari\u00e9 du public ou du priv\u00e9, plusieurs solutions sont envisageables pour que le co\u00fbt de votre formation puisse \u00eatre pris en charge, partiellement ou dans sa totalit\u00e9.&nbsp;<\/p>\n\n\n\n<p><strong>Salari\u00e9s en CDD ou en CDI<\/strong> : vous pouvez obtenir les renseignements n\u00e9cessaires au financement de votre formation aupr\u00e8s de votre employeur. Une prise en charge  pourra \u00eatre mise en place.\u00a0<\/p>\n\n\n\n<p><strong>Salari\u00e9s du b\u00e2timent&nbsp;<\/strong>: Les renseignements et d\u00e9marches pour la prise en charge du co\u00fbt de la formation devront \u00eatre r\u00e9alis\u00e9s aupr\u00e8s de votre employeur.&nbsp;<\/p>\n\n\n\n<p><strong>Demandeurs d\u2019emploi&nbsp;<\/strong>: Pour toutes les d\u00e9marches de prise en charge, il faudra se rapprocher de votre conseiller P\u00f4le emploi qui pourra vous orienter vers diff\u00e9rentes possibilit\u00e9s.&nbsp;<\/p>\n\n\n\n<p>Les chefs d\u2019entreprise peuvent \u00e9galement demander le financement du co\u00fbt de leur formation. Ils devront se rapprocher directement de l\u2019OPCO duquel leur entreprise cotise.\u00a0<\/p>\n\n\n\n<p>Retrouvez toutes les informations n\u00e9cessaires sur vos droits et d\u00e9marche sur le site :  <\/p>\n\n\n\n<p>&nbsp;<a href=\"https:\/\/travail-emploi.gouv.fr\/formation-professionnelle\/se-former\/\">https:\/\/travail-emploi.gouv.fr\/formation-professionnelle\/se-former\/<\/a><\/p>\n","protected":false},"excerpt":{"rendered":"<p>Quelles sont les d\u00e9marches pour une prise en charge financi\u00e8re&nbsp;?&nbsp; Que vous soyez un professionnel ou un particulier, un artisan, un salari\u00e9 du public ou du priv\u00e9, plusieurs solutions sont envisageables pour que le co\u00fbt de votre formation puisse \u00eatre<\/p>\n","protected":false},"author":1,"featured_media":0,"parent":0,"menu_order":0,"comment_status":"closed","ping_status":"closed","template":"","meta":[],"yoast_head":"<!-- This site is optimized with the Yoast SEO plugin v18.3 - https:\/\/yoast.com\/wordpress\/plugins\/seo\/ -->\n<title>Financement &bull; Centre de formation chaux &amp; b\u00e9ton cir\u00e9 \u00e0 Aix-en-Provence<\/title>\n<meta name=\"description\" content=\"Quelles d\u00e9marches faire pour que votre formation en d\u00e9coration et restauration du patrimoine soit financ\u00e9e? Venez-nous recontrer \u00e0 Venelles, au nord d&#039;Aix.\" \/>\n<meta name=\"robots\" content=\"index, follow, max-snippet:-1, max-image-preview:large, max-video-preview:-1\" \/>\n<link rel=\"canonical\" href=\"https:\/\/qd-formations.fr\/index.php\/financement\/\" \/>\n<meta property=\"og:locale\" content=\"fr_FR\" \/>\n<meta property=\"og:type\" content=\"article\" \/>\n<meta property=\"og:title\" content=\"Financement &bull; Centre de formation chaux &amp; b\u00e9ton cir\u00e9 \u00e0 Aix-en-Provence\" \/>\n<meta property=\"og:description\" content=\"Quelles d\u00e9marches faire pour que votre formation en d\u00e9coration et restauration du patrimoine soit financ\u00e9e? Venez-nous recontrer \u00e0 Venelles, au nord d&#039;Aix.\" \/>\n<meta property=\"og:url\" content=\"https:\/\/qd-formations.fr\/index.php\/financement\/\" \/>\n<meta property=\"og:site_name\" content=\"Centre de formation chaux &amp; b\u00e9ton cir\u00e9 \u00e0 Aix-en-Provence\" \/>\n<meta property=\"article:modified_time\" content=\"2019-12-11T16:58:13+00:00\" \/>\n<meta name=\"twitter:card\" content=\"summary_large_image\" \/>\n<meta name=\"twitter:label1\" content=\"Dur\u00e9e de lecture estim\u00e9e\" \/>\n\t<meta name=\"twitter:data1\" content=\"1 minute\" \/>\n<script type=\"application\/ld+json\" class=\"yoast-schema-graph\">{\"@context\":\"https:\/\/schema.org\",\"@graph\":[{\"@type\":\"WebSite\",\"@id\":\"https:\/\/qd-formations.fr\/#website\",\"url\":\"https:\/\/qd-formations.fr\/\",\"name\":\"Centre de formation chaux &amp; b\u00e9ton cir\u00e9 \u00e0 Aix-en-Provence\",\"description\":\"D\u00e9coration &amp; restauration du Patrimoine\",\"potentialAction\":[{\"@type\":\"SearchAction\",\"target\":{\"@type\":\"EntryPoint\",\"urlTemplate\":\"https:\/\/qd-formations.fr\/?s={search_term_string}\"},\"query-input\":\"required name=search_term_string\"}],\"inLanguage\":\"fr-FR\"},{\"@type\":\"WebPage\",\"@id\":\"https:\/\/qd-formations.fr\/index.php\/financement\/#webpage\",\"url\":\"https:\/\/qd-formations.fr\/index.php\/financement\/\",\"name\":\"Financement &bull; Centre de formation chaux &amp; b\u00e9ton cir\u00e9 \u00e0 Aix-en-Provence\",\"isPartOf\":{\"@id\":\"https:\/\/qd-formations.fr\/#website\"},\"datePublished\":\"2019-03-06T15:46:05+00:00\",\"dateModified\":\"2019-12-11T16:58:13+00:00\",\"description\":\"Quelles d\u00e9marches faire pour que votre formation en d\u00e9coration et restauration du patrimoine soit financ\u00e9e? Venez-nous recontrer \u00e0 Venelles, au nord d'Aix.\",\"breadcrumb\":{\"@id\":\"https:\/\/qd-formations.fr\/index.php\/financement\/#breadcrumb\"},\"inLanguage\":\"fr-FR\",\"potentialAction\":[{\"@type\":\"ReadAction\",\"target\":[\"https:\/\/qd-formations.fr\/index.php\/financement\/\"]}]},{\"@type\":\"BreadcrumbList\",\"@id\":\"https:\/\/qd-formations.fr\/index.php\/financement\/#breadcrumb\",\"itemListElement\":[{\"@type\":\"ListItem\",\"position\":1,\"name\":\"Accueil\",\"item\":\"https:\/\/qd-formations.fr\/\"},{\"@type\":\"ListItem\",\"position\":2,\"name\":\"Financement\"}]}]}<\/script>\n<!-- \/ Yoast SEO plugin. -->","yoast_head_json":{"title":"Financement &bull; Centre de formation chaux &amp; b\u00e9ton cir\u00e9 \u00e0 Aix-en-Provence","description":"Quelles d\u00e9marches faire pour que votre formation en d\u00e9coration et restauration du patrimoine soit financ\u00e9e? Venez-nous recontrer \u00e0 Venelles, au nord d'Aix.","robots":{"index":"index","follow":"follow","max-snippet":"max-snippet:-1","max-image-preview":"max-image-preview:large","max-video-preview":"max-video-preview:-1"},"canonical":"https:\/\/qd-formations.fr\/index.php\/financement\/","og_locale":"fr_FR","og_type":"article","og_title":"Financement &bull; Centre de formation chaux &amp; b\u00e9ton cir\u00e9 \u00e0 Aix-en-Provence","og_description":"Quelles d\u00e9marches faire pour que votre formation en d\u00e9coration et restauration du patrimoine soit financ\u00e9e? Venez-nous recontrer \u00e0 Venelles, au nord d'Aix.","og_url":"https:\/\/qd-formations.fr\/index.php\/financement\/","og_site_name":"Centre de formation chaux &amp; b\u00e9ton cir\u00e9 \u00e0 Aix-en-Provence","article_modified_time":"2019-12-11T16:58:13+00:00","twitter_card":"summary_large_image","twitter_misc":{"Dur\u00e9e de lecture estim\u00e9e":"1 minute"},"schema":{"@context":"https:\/\/schema.org","@graph":[{"@type":"WebSite","@id":"https:\/\/qd-formations.fr\/#website","url":"https:\/\/qd-formations.fr\/","name":"Centre de formation chaux &amp; b\u00e9ton cir\u00e9 \u00e0 Aix-en-Provence","description":"D\u00e9coration &amp; restauration du Patrimoine","potentialAction":[{"@type":"SearchAction","target":{"@type":"EntryPoint","urlTemplate":"https:\/\/qd-formations.fr\/?s={search_term_string}"},"query-input":"required name=search_term_string"}],"inLanguage":"fr-FR"},{"@type":"WebPage","@id":"https:\/\/qd-formations.fr\/index.php\/financement\/#webpage","url":"https:\/\/qd-formations.fr\/index.php\/financement\/","name":"Financement &bull; Centre de formation chaux &amp; b\u00e9ton cir\u00e9 \u00e0 Aix-en-Provence","isPartOf":{"@id":"https:\/\/qd-formations.fr\/#website"},"datePublished":"2019-03-06T15:46:05+00:00","dateModified":"2019-12-11T16:58:13+00:00","description":"Quelles d\u00e9marches faire pour que votre formation en d\u00e9coration et restauration du patrimoine soit financ\u00e9e? Venez-nous recontrer \u00e0 Venelles, au nord d'Aix.","breadcrumb":{"@id":"https:\/\/qd-formations.fr\/index.php\/financement\/#breadcrumb"},"inLanguage":"fr-FR","potentialAction":[{"@type":"ReadAction","target":["https:\/\/qd-formations.fr\/index.php\/financement\/"]}]},{"@type":"BreadcrumbList","@id":"https:\/\/qd-formations.fr\/index.php\/financement\/#breadcrumb","itemListElement":[{"@type":"ListItem","position":1,"name":"Accueil","item":"https:\/\/qd-formations.fr\/"},{"@type":"ListItem","position":2,"name":"Financement"}]}]}},"_links":{"self":[{"href":"https:\/\/qd-formations.fr\/index.php\/wp-json\/wp\/v2\/pages\/15"}],"collection":[{"href":"https:\/\/qd-formations.fr\/index.php\/wp-json\/wp\/v2\/pages"}],"about":[{"href":"https:\/\/qd-formations.fr\/index.php\/wp-json\/wp\/v2\/types\/page"}],"author":[{"embeddable":true,"href":"https:\/\/qd-formations.fr\/index.php\/wp-json\/wp\/v2\/users\/1"}],"replies":[{"embeddable":true,"href":"https:\/\/qd-formations.fr\/index.php\/wp-json\/wp\/v2\/comments?post=15"}],"version-history":[{"count":9,"href":"https:\/\/qd-formations.fr\/index.php\/wp-json\/wp\/v2\/pages\/15\/revisions"}],"predecessor-version":[{"id":387,"href":"https:\/\/qd-formations.fr\/index.php\/wp-json\/wp\/v2\/pages\/15\/revisions\/387"}],"wp:attachment":[{"href":"https:\/\/qd-formations.fr\/index.php\/wp-json\/wp\/v2\/media?parent=15"}],"curies":[{"name":"wp","href":"https:\/\/api.w.org\/{rel}","templated":true}]}}