{"id":17,"date":"2019-03-06T16:46:06","date_gmt":"2019-03-06T15:46:06","guid":{"rendered":"http:\/\/qd-formations.fr\/?page_id=17"},"modified":"2021-06-29T10:50:45","modified_gmt":"2021-06-29T08:50:45","slug":"contact","status":"publish","type":"page","link":"https:\/\/qd-formations.fr\/index.php\/contact\/","title":{"rendered":"Contact"},"content":{"rendered":"\n<p class=\"has-text-align-center has-very-light-gray-background-color has-background\">QUESTIONS DECO FORMATIONS<br>125, avenue des logissons<br>13770 Venelles<br>T\u00e9l. 04 42 54 02 54 <br>Fax : 04 42 54 28 42<\/p>\n\n\n\n<p>Le magasin et le centre de formation sont ouverts du lundi au vendredi de 7h30 \u00e0 12h00 et de 13h30 \u00e0 18h, le samedi de 9h \u00e0 12h.<\/p>\n\n\n\n<p>Pour toutes questions ou pour vous inscrire \u00e0 l&rsquo;une de nos formations, n&rsquo;h\u00e9sitez pas \u00e0 nous contacter par t\u00e9l ou via le formulaire ci-dessous <\/p>\n\n\n<div class=\"wpforms-container wpforms-container-full wpforms-block\" id=\"wpforms-170\"><form id=\"wpforms-form-170\" class=\"wpforms-validate wpforms-form\" data-formid=\"170\" method=\"post\" enctype=\"multipart\/form-data\" action=\"\/index.php\/wp-json\/wp\/v2\/pages\/17\" data-token=\"e372ebd9d363fb687299e2c417eb956e\"><noscript class=\"wpforms-error-noscript\">Veuillez activer JavaScript dans votre navigateur pour remplir ce formulaire.<\/noscript><div class=\"wpforms-field-container\"><div id=\"wpforms-170-field_0-container\" class=\"wpforms-field wpforms-field-name\" data-field-id=\"0\"><label class=\"wpforms-field-label\" for=\"wpforms-170-field_0\">Vos coordonn\u00e9es <span class=\"wpforms-required-label\">*<\/span><\/label><div class=\"wpforms-field-row wpforms-field-large\"><div class=\"wpforms-field-row-block wpforms-first wpforms-one-half\"><input type=\"text\" id=\"wpforms-170-field_0\" class=\"wpforms-field-name-first wpforms-field-required\" name=\"wpforms[fields][0][first]\" required><label for=\"wpforms-170-field_0\" class=\"wpforms-field-sublabel after \">Pr\u00e9nom<\/label><\/div><div class=\"wpforms-field-row-block wpforms-one-half\"><input type=\"text\" id=\"wpforms-170-field_0-last\" class=\"wpforms-field-name-last wpforms-field-required\" name=\"wpforms[fields][0][last]\" required><label for=\"wpforms-170-field_0-last\" class=\"wpforms-field-sublabel after \">Nom<\/label><\/div><\/div><\/div><div id=\"wpforms-170-field_1-container\" class=\"wpforms-field wpforms-field-email\" data-field-id=\"1\"><label class=\"wpforms-field-label\" for=\"wpforms-170-field_1\">Adresse de contact <span class=\"wpforms-required-label\">*<\/span><\/label><input type=\"email\" id=\"wpforms-170-field_1\" class=\"wpforms-field-large wpforms-field-required\" name=\"wpforms[fields][1]\" spellcheck=\"false\" required><div class=\"wpforms-field-description\">Adresse e-mail obligatoire<\/div><\/div><div id=\"wpforms-170-field_3-container\" class=\"wpforms-field wpforms-field-text\" data-field-id=\"3\"><label class=\"wpforms-field-label\" for=\"wpforms-170-field_3\">Objet de votre message <span class=\"wpforms-required-label\">*<\/span><\/label><input type=\"text\" id=\"wpforms-170-field_3\" class=\"wpforms-field-large wpforms-field-required\" name=\"wpforms[fields][3]\" required><\/div><div id=\"wpforms-170-field_4-container\" class=\"wpforms-field wpforms-field-textarea\" data-field-id=\"4\"><label class=\"wpforms-field-label\" for=\"wpforms-170-field_4\">Message <span class=\"wpforms-required-label\">*<\/span><\/label><textarea id=\"wpforms-170-field_4\" class=\"wpforms-field-large wpforms-field-required\" name=\"wpforms[fields][4]\" required><\/textarea><\/div><div id=\"wpforms-170-field_6-container\" class=\"wpforms-field wpforms-field-checkbox\" data-field-id=\"6\"><ul id=\"wpforms-170-field_6\"><li class=\"choice-1 depth-1\"><input type=\"checkbox\" id=\"wpforms-170-field_6_1\" name=\"wpforms[fields][6][]\" value=\" En soumettant ce formulaire, j&#039;accepte que les informations saisies soient trait\u00e9es dans le cadre de la demande de contact que j&#039;effectue et de la relation commerciale qui peut en d\u00e9couler\"  ><label class=\"wpforms-field-label-inline\" for=\"wpforms-170-field_6_1\"> En soumettant ce formulaire, j&rsquo;accepte que les informations saisies soient trait\u00e9es dans le cadre de la demande de contact que j&rsquo;effectue et de la relation commerciale qui peut en d\u00e9couler<\/label><\/li><\/ul><\/div><\/div><!-- .wpforms-field-container --><div class=\"wpforms-submit-container\" ><input type=\"hidden\" name=\"wpforms[id]\" value=\"170\"><input type=\"hidden\" name=\"wpforms[author]\" value=\"1\"><button type=\"submit\" name=\"wpforms[submit]\" id=\"wpforms-submit-170\" class=\"wpforms-submit\" aria-live=\"assertive\" value=\"wpforms-submit\">Envoyer<\/button><\/div><\/form><\/div>  <!-- .wpforms-container -->","protected":false},"excerpt":{"rendered":"<p>QUESTIONS DECO FORMATIONS125, avenue des logissons13770 VenellesT\u00e9l. 04 42 54 02 54 Fax : 04 42 54 28 42 Le magasin et le centre de formation sont ouverts du lundi au vendredi de 7h30 \u00e0 12h00 et de 13h30 \u00e0<\/p>\n","protected":false},"author":1,"featured_media":0,"parent":0,"menu_order":0,"comment_status":"closed","ping_status":"closed","template":"","meta":[],"yoast_head":"<!-- This site is optimized with the Yoast SEO plugin v18.3 - https:\/\/yoast.com\/wordpress\/plugins\/seo\/ -->\n<title>Contact &bull; Centre de formation chaux &amp; b\u00e9ton cir\u00e9 \u00e0 Aix-en-Provence<\/title>\n<meta name=\"description\" content=\"Pour tous renseignements sur nos formations et ateliers, n&#039;h\u00e9sitez pas \u00e0 nous contacter ou venir nous rencontrer \u00e0 Venelles\" \/>\n<meta name=\"robots\" content=\"index, follow, max-snippet:-1, max-image-preview:large, max-video-preview:-1\" \/>\n<link rel=\"canonical\" href=\"https:\/\/qd-formations.fr\/index.php\/contact\/\" \/>\n<meta property=\"og:locale\" content=\"fr_FR\" \/>\n<meta property=\"og:type\" content=\"article\" \/>\n<meta property=\"og:title\" content=\"Contact &bull; Centre de formation chaux &amp; b\u00e9ton cir\u00e9 \u00e0 Aix-en-Provence\" \/>\n<meta property=\"og:description\" content=\"Pour tous renseignements sur nos formations et ateliers, n&#039;h\u00e9sitez pas \u00e0 nous contacter ou venir nous rencontrer \u00e0 Venelles\" \/>\n<meta property=\"og:url\" content=\"https:\/\/qd-formations.fr\/index.php\/contact\/\" \/>\n<meta property=\"og:site_name\" content=\"Centre de formation chaux &amp; b\u00e9ton cir\u00e9 \u00e0 Aix-en-Provence\" \/>\n<meta property=\"article:modified_time\" content=\"2021-06-29T08:50:45+00:00\" \/>\n<meta name=\"twitter:card\" content=\"summary_large_image\" \/>\n<meta name=\"twitter:label1\" content=\"Dur\u00e9e de lecture estim\u00e9e\" \/>\n\t<meta name=\"twitter:data1\" content=\"1 minute\" \/>\n<script type=\"application\/ld+json\" class=\"yoast-schema-graph\">{\"@context\":\"https:\/\/schema.org\",\"@graph\":[{\"@type\":\"WebSite\",\"@id\":\"https:\/\/qd-formations.fr\/#website\",\"url\":\"https:\/\/qd-formations.fr\/\",\"name\":\"Centre de formation chaux &amp; b\u00e9ton cir\u00e9 \u00e0 Aix-en-Provence\",\"description\":\"D\u00e9coration &amp; restauration du Patrimoine\",\"potentialAction\":[{\"@type\":\"SearchAction\",\"target\":{\"@type\":\"EntryPoint\",\"urlTemplate\":\"https:\/\/qd-formations.fr\/?s={search_term_string}\"},\"query-input\":\"required name=search_term_string\"}],\"inLanguage\":\"fr-FR\"},{\"@type\":\"WebPage\",\"@id\":\"https:\/\/qd-formations.fr\/index.php\/contact\/#webpage\",\"url\":\"https:\/\/qd-formations.fr\/index.php\/contact\/\",\"name\":\"Contact &bull; Centre de formation chaux &amp; b\u00e9ton cir\u00e9 \u00e0 Aix-en-Provence\",\"isPartOf\":{\"@id\":\"https:\/\/qd-formations.fr\/#website\"},\"datePublished\":\"2019-03-06T15:46:06+00:00\",\"dateModified\":\"2021-06-29T08:50:45+00:00\",\"description\":\"Pour tous renseignements sur nos formations et ateliers, n'h\u00e9sitez pas \u00e0 nous contacter ou venir nous rencontrer \u00e0 Venelles\",\"breadcrumb\":{\"@id\":\"https:\/\/qd-formations.fr\/index.php\/contact\/#breadcrumb\"},\"inLanguage\":\"fr-FR\",\"potentialAction\":[{\"@type\":\"ReadAction\",\"target\":[\"https:\/\/qd-formations.fr\/index.php\/contact\/\"]}]},{\"@type\":\"BreadcrumbList\",\"@id\":\"https:\/\/qd-formations.fr\/index.php\/contact\/#breadcrumb\",\"itemListElement\":[{\"@type\":\"ListItem\",\"position\":1,\"name\":\"Accueil\",\"item\":\"https:\/\/qd-formations.fr\/\"},{\"@type\":\"ListItem\",\"position\":2,\"name\":\"Contact\"}]}]}<\/script>\n<!-- \/ Yoast SEO plugin. -->","yoast_head_json":{"title":"Contact &bull; Centre de formation chaux &amp; b\u00e9ton cir\u00e9 \u00e0 Aix-en-Provence","description":"Pour tous renseignements sur nos formations et ateliers, n'h\u00e9sitez pas \u00e0 nous contacter ou venir nous rencontrer \u00e0 Venelles","robots":{"index":"index","follow":"follow","max-snippet":"max-snippet:-1","max-image-preview":"max-image-preview:large","max-video-preview":"max-video-preview:-1"},"canonical":"https:\/\/qd-formations.fr\/index.php\/contact\/","og_locale":"fr_FR","og_type":"article","og_title":"Contact &bull; Centre de formation chaux &amp; b\u00e9ton cir\u00e9 \u00e0 Aix-en-Provence","og_description":"Pour tous renseignements sur nos formations et ateliers, n'h\u00e9sitez pas \u00e0 nous contacter ou venir nous rencontrer \u00e0 Venelles","og_url":"https:\/\/qd-formations.fr\/index.php\/contact\/","og_site_name":"Centre de formation chaux &amp; b\u00e9ton cir\u00e9 \u00e0 Aix-en-Provence","article_modified_time":"2021-06-29T08:50:45+00:00","twitter_card":"summary_large_image","twitter_misc":{"Dur\u00e9e de lecture estim\u00e9e":"1 minute"},"schema":{"@context":"https:\/\/schema.org","@graph":[{"@type":"WebSite","@id":"https:\/\/qd-formations.fr\/#website","url":"https:\/\/qd-formations.fr\/","name":"Centre de formation chaux &amp; b\u00e9ton cir\u00e9 \u00e0 Aix-en-Provence","description":"D\u00e9coration &amp; restauration du Patrimoine","potentialAction":[{"@type":"SearchAction","target":{"@type":"EntryPoint","urlTemplate":"https:\/\/qd-formations.fr\/?s={search_term_string}"},"query-input":"required name=search_term_string"}],"inLanguage":"fr-FR"},{"@type":"WebPage","@id":"https:\/\/qd-formations.fr\/index.php\/contact\/#webpage","url":"https:\/\/qd-formations.fr\/index.php\/contact\/","name":"Contact &bull; Centre de formation chaux &amp; b\u00e9ton cir\u00e9 \u00e0 Aix-en-Provence","isPartOf":{"@id":"https:\/\/qd-formations.fr\/#website"},"datePublished":"2019-03-06T15:46:06+00:00","dateModified":"2021-06-29T08:50:45+00:00","description":"Pour tous renseignements sur nos formations et ateliers, n'h\u00e9sitez pas \u00e0 nous contacter ou venir nous rencontrer \u00e0 Venelles","breadcrumb":{"@id":"https:\/\/qd-formations.fr\/index.php\/contact\/#breadcrumb"},"inLanguage":"fr-FR","potentialAction":[{"@type":"ReadAction","target":["https:\/\/qd-formations.fr\/index.php\/contact\/"]}]},{"@type":"BreadcrumbList","@id":"https:\/\/qd-formations.fr\/index.php\/contact\/#breadcrumb","itemListElement":[{"@type":"ListItem","position":1,"name":"Accueil","item":"https:\/\/qd-formations.fr\/"},{"@type":"ListItem","position":2,"name":"Contact"}]}]}},"_links":{"self":[{"href":"https:\/\/qd-formations.fr\/index.php\/wp-json\/wp\/v2\/pages\/17"}],"collection":[{"href":"https:\/\/qd-formations.fr\/index.php\/wp-json\/wp\/v2\/pages"}],"about":[{"href":"https:\/\/qd-formations.fr\/index.php\/wp-json\/wp\/v2\/types\/page"}],"author":[{"embeddable":true,"href":"https:\/\/qd-formations.fr\/index.php\/wp-json\/wp\/v2\/users\/1"}],"replies":[{"embeddable":true,"href":"https:\/\/qd-formations.fr\/index.php\/wp-json\/wp\/v2\/comments?post=17"}],"version-history":[{"count":11,"href":"https:\/\/qd-formations.fr\/index.php\/wp-json\/wp\/v2\/pages\/17\/revisions"}],"predecessor-version":[{"id":452,"href":"https:\/\/qd-formations.fr\/index.php\/wp-json\/wp\/v2\/pages\/17\/revisions\/452"}],"wp:attachment":[{"href":"https:\/\/qd-formations.fr\/index.php\/wp-json\/wp\/v2\/media?parent=17"}],"curies":[{"name":"wp","href":"https:\/\/api.w.org\/{rel}","templated":true}]}}