{"id":545,"date":"2022-03-16T13:22:08","date_gmt":"2022-03-16T12:22:08","guid":{"rendered":"http:\/\/qd-formations.fr\/?page_id=545"},"modified":"2026-03-25T11:22:56","modified_gmt":"2026-03-25T10:22:56","slug":"avis-temoignages","status":"publish","type":"page","link":"https:\/\/qd-formations.fr\/index.php\/avis-temoignages\/","title":{"rendered":"Satisfaction et t\u00e9moignages"},"content":{"rendered":"\n<h2>Taux de satisfaction, r\u00e9ussite aux \u00e9valuations des acquis et taux de recommandation<\/h2>\n\n\n\n<p>A la fin de chaque session de<strong>\u00a0<\/strong>formation, les stagiaires remplissent une grille d\u2019\u00e9valuation \u00e0 chaud. Questions D\u00e9co formations vous communique chaque ann\u00e9e, une synth\u00e8se de ces\u00a0avis. R\u00e9sum\u00e9 : taux de satisfaction 2025 100%, taux de recommandation 2025 94%<\/p>\n\n\n\n<p class=\"has-text-align-center\"><strong>Voici ci-dessous la synth\u00e8se pour nos formations dispens\u00e9es en 2025 : <\/strong><\/p>\n\n\n\n<h2>D\u00e9tail de la satisfaction des stagiaires<\/h2>\n\n\n\n<div class=\"is-layout-flex wp-container-2 wp-block-columns\">\n<div class=\"is-layout-flow wp-block-column\" style=\"flex-basis:100%\">\n<figure class=\"wp-block-table <style type=&quot;text\/css&quot;&gt; border-top-color : transparent <\/style&gt;\"><table><tbody><tr><td><img decoding=\"async\" loading=\"lazy\" width=\"634\" height=\"211\" class=\"wp-image-970\" style=\"width: 600px;\" src=\"http:\/\/qd-formations.fr\/wp-content\/uploads\/2026\/03\/Item-1-attentes-formation.jpg\" alt=\"\" srcset=\"https:\/\/qd-formations.fr\/wp-content\/uploads\/2026\/03\/Item-1-attentes-formation.jpg 634w, https:\/\/qd-formations.fr\/wp-content\/uploads\/2026\/03\/Item-1-attentes-formation-300x100.jpg 300w\" sizes=\"(max-width: 634px) 100vw, 634px\" \/><\/td><td><img decoding=\"async\" loading=\"lazy\" width=\"634\" height=\"211\" class=\"wp-image-977\" style=\"width: 600px;\" src=\"http:\/\/qd-formations.fr\/wp-content\/uploads\/2026\/03\/Item-2-enonces-programme-1.jpg\" alt=\"\" srcset=\"https:\/\/qd-formations.fr\/wp-content\/uploads\/2026\/03\/Item-2-enonces-programme-1.jpg 634w, https:\/\/qd-formations.fr\/wp-content\/uploads\/2026\/03\/Item-2-enonces-programme-1-300x100.jpg 300w\" sizes=\"(max-width: 634px) 100vw, 634px\" \/><\/td><\/tr><tr><td><img decoding=\"async\" loading=\"lazy\" width=\"634\" height=\"211\" class=\"wp-image-984\" style=\"width: 600px;\" src=\"http:\/\/qd-formations.fr\/wp-content\/uploads\/2026\/03\/Item-3-formation-utile-3.jpg\" alt=\"\" srcset=\"https:\/\/qd-formations.fr\/wp-content\/uploads\/2026\/03\/Item-3-formation-utile-3.jpg 634w, https:\/\/qd-formations.fr\/wp-content\/uploads\/2026\/03\/Item-3-formation-utile-3-300x100.jpg 300w\" sizes=\"(max-width: 634px) 100vw, 634px\" \/><\/td><td><img decoding=\"async\" loading=\"lazy\" width=\"634\" height=\"211\" class=\"wp-image-988\" style=\"width: 600px;\" src=\"http:\/\/qd-formations.fr\/wp-content\/uploads\/2026\/03\/Item-4-recommandation-entourage-1.jpg\" alt=\"\" srcset=\"https:\/\/qd-formations.fr\/wp-content\/uploads\/2026\/03\/Item-4-recommandation-entourage-1.jpg 634w, https:\/\/qd-formations.fr\/wp-content\/uploads\/2026\/03\/Item-4-recommandation-entourage-1-300x100.jpg 300w\" sizes=\"(max-width: 634px) 100vw, 634px\" \/><\/td><\/tr><\/tbody><\/table><\/figure>\n<\/div>\n<\/div>\n\n\n\n<h2>Evaluation des formations et r\u00e9ussite aux \u00e9valuations des acquis<\/h2>\n\n\n\n<figure class=\"wp-block-table is-style-regular\"><table><tbody><tr><td><img decoding=\"async\" loading=\"lazy\" width=\"633\" height=\"211\" class=\"wp-image-990\" style=\"width: 600px;\" src=\"http:\/\/qd-formations.fr\/wp-content\/uploads\/2026\/03\/Item-5-objectif-et-programme.jpg\" alt=\"\" srcset=\"https:\/\/qd-formations.fr\/wp-content\/uploads\/2026\/03\/Item-5-objectif-et-programme.jpg 633w, https:\/\/qd-formations.fr\/wp-content\/uploads\/2026\/03\/Item-5-objectif-et-programme-300x100.jpg 300w\" sizes=\"(max-width: 633px) 100vw, 633px\" \/><\/td><td><img decoding=\"async\" loading=\"lazy\" width=\"634\" height=\"211\" class=\"wp-image-992\" style=\"width: 600px;\" src=\"http:\/\/qd-formations.fr\/wp-content\/uploads\/2026\/03\/Item-6-accueil-participants.jpg\" alt=\"\" srcset=\"https:\/\/qd-formations.fr\/wp-content\/uploads\/2026\/03\/Item-6-accueil-participants.jpg 634w, https:\/\/qd-formations.fr\/wp-content\/uploads\/2026\/03\/Item-6-accueil-participants-300x100.jpg 300w\" sizes=\"(max-width: 634px) 100vw, 634px\" \/><\/td><\/tr><tr><td><img decoding=\"async\" loading=\"lazy\" width=\"634\" height=\"211\" class=\"wp-image-999\" style=\"width: 600px;\" src=\"http:\/\/qd-formations.fr\/wp-content\/uploads\/2026\/03\/Item-7maitrise-sujet-4.jpg\" alt=\"\" srcset=\"https:\/\/qd-formations.fr\/wp-content\/uploads\/2026\/03\/Item-7maitrise-sujet-4.jpg 634w, https:\/\/qd-formations.fr\/wp-content\/uploads\/2026\/03\/Item-7maitrise-sujet-4-300x100.jpg 300w\" sizes=\"(max-width: 634px) 100vw, 634px\" \/><\/td><td><img decoding=\"async\" loading=\"lazy\" width=\"634\" height=\"211\" class=\"wp-image-1007\" style=\"width: 600px;\" src=\"http:\/\/qd-formations.fr\/wp-content\/uploads\/2026\/03\/Item-8-qualite-supports.jpg\" alt=\"\" srcset=\"https:\/\/qd-formations.fr\/wp-content\/uploads\/2026\/03\/Item-8-qualite-supports.jpg 634w, https:\/\/qd-formations.fr\/wp-content\/uploads\/2026\/03\/Item-8-qualite-supports-300x100.jpg 300w\" sizes=\"(max-width: 634px) 100vw, 634px\" \/><\/td><\/tr><tr><td><img decoding=\"async\" loading=\"lazy\" width=\"634\" height=\"211\" class=\"wp-image-1002\" style=\"width: 600px;\" src=\"http:\/\/qd-formations.fr\/wp-content\/uploads\/2026\/03\/Item-9-qualite-animation.jpg\" alt=\"\" srcset=\"https:\/\/qd-formations.fr\/wp-content\/uploads\/2026\/03\/Item-9-qualite-animation.jpg 634w, https:\/\/qd-formations.fr\/wp-content\/uploads\/2026\/03\/Item-9-qualite-animation-300x100.jpg 300w\" sizes=\"(max-width: 634px) 100vw, 634px\" \/><\/td><td><img decoding=\"async\" loading=\"lazy\" width=\"634\" height=\"211\" class=\"wp-image-1005\" style=\"width: 600px;\" src=\"http:\/\/qd-formations.fr\/wp-content\/uploads\/2026\/03\/Item-10-theorie-pratique.jpg\" alt=\"\" srcset=\"https:\/\/qd-formations.fr\/wp-content\/uploads\/2026\/03\/Item-10-theorie-pratique.jpg 634w, https:\/\/qd-formations.fr\/wp-content\/uploads\/2026\/03\/Item-10-theorie-pratique-300x100.jpg 300w\" sizes=\"(max-width: 634px) 100vw, 634px\" \/><\/td><\/tr><\/tbody><\/table><\/figure>\n\n\n\n<h2>T\u00e9moignages de stagiaires<\/h2>\n\n\n\n<blockquote class=\"wp-block-quote has-text-align-center is-style-large\">\n<p>\u00ab\u00a0Formateurs patients, bienveillants et p\u00e9dagogues\u00a0\u00bb<\/p>\n<cite>T\u00e9moignage de Magali<\/cite><\/blockquote>\n\n\n\n<blockquote class=\"wp-block-quote has-text-align-center is-style-large\">\n<p>\u00ab\u00a0Ne changez rien \u00e0 l\u2019accueil qui est parfait et tr\u00e8s familial.\u00a0\u00bb<\/p>\n<cite>T\u00e9moignage de Mathilde<\/cite><\/blockquote>\n\n\n\n<blockquote class=\"wp-block-quote has-text-align-center is-style-large\">\n<p>\u00ab\u00a0La formatrice est vraiment g\u00e9niale, toujours \u00e0 l&rsquo;\u00e9coute\u00a0\u00bb<\/p>\n<cite>T\u00e9moignage de Laurence<\/cite><\/blockquote>\n\n\n\n<blockquote class=\"wp-block-quote\">\n<blockquote class=\"wp-block-quote\">\n<p class=\"has-text-align-center\"><\/p>\n<\/blockquote>\n\n\n\n<blockquote class=\"wp-block-quote\">\n<p><\/p>\n<\/blockquote>\n<\/blockquote>\n\n\n\n<blockquote class=\"wp-block-quote\">\n<p><\/p>\n<\/blockquote>\n","protected":false},"excerpt":{"rendered":"<p>Taux de satisfaction, r\u00e9ussite aux \u00e9valuations des acquis et taux de recommandation A la fin de chaque session de\u00a0formation, les stagiaires remplissent une grille d\u2019\u00e9valuation \u00e0 chaud. Questions D\u00e9co formations vous communique chaque ann\u00e9e, une synth\u00e8se de ces\u00a0avis. R\u00e9sum\u00e9 :<\/p>\n","protected":false},"author":1,"featured_media":0,"parent":0,"menu_order":0,"comment_status":"closed","ping_status":"closed","template":"","meta":[],"yoast_head":"<!-- This site is optimized with the Yoast SEO plugin v18.3 - https:\/\/yoast.com\/wordpress\/plugins\/seo\/ -->\n<title>Satisfaction et t\u00e9moignages &bull; Centre de formation chaux &amp; b\u00e9ton cir\u00e9 \u00e0 Aix-en-Provence<\/title>\n<meta name=\"description\" content=\"Satisfaction et t\u00e9moignages des stagiaires des formations professionnelles en application de la chaux et b\u00e9ton cir\u00e9\" \/>\n<meta name=\"robots\" content=\"index, follow, max-snippet:-1, max-image-preview:large, max-video-preview:-1\" \/>\n<link rel=\"canonical\" href=\"https:\/\/qd-formations.fr\/index.php\/avis-temoignages\/\" \/>\n<meta property=\"og:locale\" content=\"fr_FR\" \/>\n<meta property=\"og:type\" content=\"article\" \/>\n<meta property=\"og:title\" content=\"Satisfaction et t\u00e9moignages &bull; Centre de formation chaux &amp; b\u00e9ton cir\u00e9 \u00e0 Aix-en-Provence\" \/>\n<meta property=\"og:description\" content=\"Satisfaction et t\u00e9moignages des stagiaires des formations professionnelles en application de la chaux et b\u00e9ton cir\u00e9\" \/>\n<meta property=\"og:url\" content=\"https:\/\/qd-formations.fr\/index.php\/avis-temoignages\/\" \/>\n<meta property=\"og:site_name\" content=\"Centre de formation chaux &amp; b\u00e9ton cir\u00e9 \u00e0 Aix-en-Provence\" \/>\n<meta property=\"article:modified_time\" content=\"2026-03-25T10:22:56+00:00\" \/>\n<meta property=\"og:image\" content=\"http:\/\/qd-formations.fr\/wp-content\/uploads\/2026\/03\/Item-1-attentes-formation.jpg\" \/>\n<meta name=\"twitter:card\" content=\"summary_large_image\" \/>\n<meta name=\"twitter:label1\" content=\"Dur\u00e9e de lecture estim\u00e9e\" \/>\n\t<meta name=\"twitter:data1\" content=\"3 minutes\" \/>\n<script type=\"application\/ld+json\" class=\"yoast-schema-graph\">{\"@context\":\"https:\/\/schema.org\",\"@graph\":[{\"@type\":\"WebSite\",\"@id\":\"https:\/\/qd-formations.fr\/#website\",\"url\":\"https:\/\/qd-formations.fr\/\",\"name\":\"Centre de formation chaux &amp; b\u00e9ton cir\u00e9 \u00e0 Aix-en-Provence\",\"description\":\"D\u00e9coration &amp; restauration du Patrimoine\",\"potentialAction\":[{\"@type\":\"SearchAction\",\"target\":{\"@type\":\"EntryPoint\",\"urlTemplate\":\"https:\/\/qd-formations.fr\/?s={search_term_string}\"},\"query-input\":\"required name=search_term_string\"}],\"inLanguage\":\"fr-FR\"},{\"@type\":\"ImageObject\",\"@id\":\"https:\/\/qd-formations.fr\/index.php\/avis-temoignages\/#primaryimage\",\"inLanguage\":\"fr-FR\",\"url\":\"https:\/\/qd-formations.fr\/wp-content\/uploads\/2026\/03\/Item-1-attentes-formation.jpg\",\"contentUrl\":\"https:\/\/qd-formations.fr\/wp-content\/uploads\/2026\/03\/Item-1-attentes-formation.jpg\",\"width\":634,\"height\":211},{\"@type\":\"WebPage\",\"@id\":\"https:\/\/qd-formations.fr\/index.php\/avis-temoignages\/#webpage\",\"url\":\"https:\/\/qd-formations.fr\/index.php\/avis-temoignages\/\",\"name\":\"Satisfaction et t\u00e9moignages &bull; Centre de formation chaux &amp; b\u00e9ton cir\u00e9 \u00e0 Aix-en-Provence\",\"isPartOf\":{\"@id\":\"https:\/\/qd-formations.fr\/#website\"},\"primaryImageOfPage\":{\"@id\":\"https:\/\/qd-formations.fr\/index.php\/avis-temoignages\/#primaryimage\"},\"datePublished\":\"2022-03-16T12:22:08+00:00\",\"dateModified\":\"2026-03-25T10:22:56+00:00\",\"description\":\"Satisfaction et t\u00e9moignages des stagiaires des formations professionnelles en application de la chaux et b\u00e9ton cir\u00e9\",\"breadcrumb\":{\"@id\":\"https:\/\/qd-formations.fr\/index.php\/avis-temoignages\/#breadcrumb\"},\"inLanguage\":\"fr-FR\",\"potentialAction\":[{\"@type\":\"ReadAction\",\"target\":[\"https:\/\/qd-formations.fr\/index.php\/avis-temoignages\/\"]}]},{\"@type\":\"BreadcrumbList\",\"@id\":\"https:\/\/qd-formations.fr\/index.php\/avis-temoignages\/#breadcrumb\",\"itemListElement\":[{\"@type\":\"ListItem\",\"position\":1,\"name\":\"Accueil\",\"item\":\"https:\/\/qd-formations.fr\/\"},{\"@type\":\"ListItem\",\"position\":2,\"name\":\"Satisfaction et t\u00e9moignages\"}]}]}<\/script>\n<!-- \/ Yoast SEO plugin. -->","yoast_head_json":{"title":"Satisfaction et t\u00e9moignages &bull; Centre de formation chaux &amp; b\u00e9ton cir\u00e9 \u00e0 Aix-en-Provence","description":"Satisfaction et t\u00e9moignages des stagiaires des formations professionnelles en application de la chaux et b\u00e9ton cir\u00e9","robots":{"index":"index","follow":"follow","max-snippet":"max-snippet:-1","max-image-preview":"max-image-preview:large","max-video-preview":"max-video-preview:-1"},"canonical":"https:\/\/qd-formations.fr\/index.php\/avis-temoignages\/","og_locale":"fr_FR","og_type":"article","og_title":"Satisfaction et t\u00e9moignages &bull; Centre de formation chaux &amp; b\u00e9ton cir\u00e9 \u00e0 Aix-en-Provence","og_description":"Satisfaction et t\u00e9moignages des stagiaires des formations professionnelles en application de la chaux et b\u00e9ton cir\u00e9","og_url":"https:\/\/qd-formations.fr\/index.php\/avis-temoignages\/","og_site_name":"Centre de formation chaux &amp; b\u00e9ton cir\u00e9 \u00e0 Aix-en-Provence","article_modified_time":"2026-03-25T10:22:56+00:00","og_image":[{"url":"http:\/\/qd-formations.fr\/wp-content\/uploads\/2026\/03\/Item-1-attentes-formation.jpg"}],"twitter_card":"summary_large_image","twitter_misc":{"Dur\u00e9e de lecture estim\u00e9e":"3 minutes"},"schema":{"@context":"https:\/\/schema.org","@graph":[{"@type":"WebSite","@id":"https:\/\/qd-formations.fr\/#website","url":"https:\/\/qd-formations.fr\/","name":"Centre de formation chaux &amp; b\u00e9ton cir\u00e9 \u00e0 Aix-en-Provence","description":"D\u00e9coration &amp; restauration du Patrimoine","potentialAction":[{"@type":"SearchAction","target":{"@type":"EntryPoint","urlTemplate":"https:\/\/qd-formations.fr\/?s={search_term_string}"},"query-input":"required name=search_term_string"}],"inLanguage":"fr-FR"},{"@type":"ImageObject","@id":"https:\/\/qd-formations.fr\/index.php\/avis-temoignages\/#primaryimage","inLanguage":"fr-FR","url":"https:\/\/qd-formations.fr\/wp-content\/uploads\/2026\/03\/Item-1-attentes-formation.jpg","contentUrl":"https:\/\/qd-formations.fr\/wp-content\/uploads\/2026\/03\/Item-1-attentes-formation.jpg","width":634,"height":211},{"@type":"WebPage","@id":"https:\/\/qd-formations.fr\/index.php\/avis-temoignages\/#webpage","url":"https:\/\/qd-formations.fr\/index.php\/avis-temoignages\/","name":"Satisfaction et t\u00e9moignages &bull; Centre de formation chaux &amp; b\u00e9ton cir\u00e9 \u00e0 Aix-en-Provence","isPartOf":{"@id":"https:\/\/qd-formations.fr\/#website"},"primaryImageOfPage":{"@id":"https:\/\/qd-formations.fr\/index.php\/avis-temoignages\/#primaryimage"},"datePublished":"2022-03-16T12:22:08+00:00","dateModified":"2026-03-25T10:22:56+00:00","description":"Satisfaction et t\u00e9moignages des stagiaires des formations professionnelles en application de la chaux et b\u00e9ton cir\u00e9","breadcrumb":{"@id":"https:\/\/qd-formations.fr\/index.php\/avis-temoignages\/#breadcrumb"},"inLanguage":"fr-FR","potentialAction":[{"@type":"ReadAction","target":["https:\/\/qd-formations.fr\/index.php\/avis-temoignages\/"]}]},{"@type":"BreadcrumbList","@id":"https:\/\/qd-formations.fr\/index.php\/avis-temoignages\/#breadcrumb","itemListElement":[{"@type":"ListItem","position":1,"name":"Accueil","item":"https:\/\/qd-formations.fr\/"},{"@type":"ListItem","position":2,"name":"Satisfaction et t\u00e9moignages"}]}]}},"_links":{"self":[{"href":"https:\/\/qd-formations.fr\/index.php\/wp-json\/wp\/v2\/pages\/545"}],"collection":[{"href":"https:\/\/qd-formations.fr\/index.php\/wp-json\/wp\/v2\/pages"}],"about":[{"href":"https:\/\/qd-formations.fr\/index.php\/wp-json\/wp\/v2\/types\/page"}],"author":[{"embeddable":true,"href":"https:\/\/qd-formations.fr\/index.php\/wp-json\/wp\/v2\/users\/1"}],"replies":[{"embeddable":true,"href":"https:\/\/qd-formations.fr\/index.php\/wp-json\/wp\/v2\/comments?post=545"}],"version-history":[{"count":83,"href":"https:\/\/qd-formations.fr\/index.php\/wp-json\/wp\/v2\/pages\/545\/revisions"}],"predecessor-version":[{"id":1009,"href":"https:\/\/qd-formations.fr\/index.php\/wp-json\/wp\/v2\/pages\/545\/revisions\/1009"}],"wp:attachment":[{"href":"https:\/\/qd-formations.fr\/index.php\/wp-json\/wp\/v2\/media?parent=545"}],"curies":[{"name":"wp","href":"https:\/\/api.w.org\/{rel}","templated":true}]}}