{"id":9,"date":"2019-03-06T16:46:05","date_gmt":"2019-03-06T15:46:05","guid":{"rendered":"http:\/\/qd-formations.fr\/?page_id=9"},"modified":"2022-03-17T09:45:12","modified_gmt":"2022-03-17T08:45:12","slug":"qui-sommes-nous","status":"publish","type":"page","link":"https:\/\/qd-formations.fr\/index.php\/qui-sommes-nous\/","title":{"rendered":"Qui sommes-nous ?"},"content":{"rendered":"\n<h1>Questions D\u00e9co, la chaux &amp; la formation <\/h1>\n\n\n\n<p>Les \u00e9quipes QUESTIONS DECO ont acquis une expertise et des connaissances solides de la chaux naturelle, de sa complexit\u00e9, de ses propri\u00e9t\u00e9s. Notre point fort est aussi et avant tout la mise en couleur \u00e0 l\u2019aide de pigments naturels en poudres. En ce sens, nous avons d\u00e9velopp\u00e9 une machine \u00e0 teinter unique et brevet\u00e9e. <br>Cette sp\u00e9cificit\u00e9, nous permet chaque jour au magasin de Venelles, d\u2019accompagner et conseiller au mieux les professionnels du b\u00e2timent. Nous pouvons r\u00e9pondre aux diff\u00e9rentes probl\u00e9matiques chantiers. Cet atout nous permet la mise en couleurs pr\u00e9cise des produits \u00e0 la chaux et la r\u00e9alisation de teintes sur-mesure. Nous intervenons tant dans le cadre de la restauration du b\u00e2ti ancien et de monuments historiques que dans le cadre de projets de d\u00e9coration int\u00e9rieure.<\/p>\n\n\n\n<p class=\"has-very-light-gray-background-color has-text-color has-background\" style=\"color:#967322\"><strong>De cette exp\u00e9rience est n\u00e9e une v\u00e9ritable philosophie et un d\u00e9sir de d\u00e9veloppement autour de ce mat\u00e9riau ancestral.&nbsp;&nbsp;Naturellement, l\u2019envie de partager, transmettre des savoirs et des techniques d\u2019application a donn\u00e9 lieu en 2018 \u00e0 la cr\u00e9ation d\u2019un centre de formation.&nbsp;<\/strong><\/p>\n\n\n\n<p>Nos formations professionnelles s\u2019articulent principalement autour de la chaux naturelle, des enduits de chaux ainsi que du b\u00e9ton cir\u00e9.&nbsp;<\/p>\n\n\n\n<p>Nous vous garantissons dans nos formations un enseignement th\u00e9orique et pratique de qualit\u00e9&nbsp;!<\/p>\n\n\n\n<p>Apr\u00e8s que notre centre Questions D\u00e9co&nbsp;formations&nbsp;aie&nbsp;\u00e9t\u00e9 r\u00e9f\u00e9renc\u00e9&nbsp;datadock&nbsp;en satisfaisant aux 6 crit\u00e8res de qualit\u00e9 d\u00e9finis par le d\u00e9cret&nbsp;n\u00b02015-790&nbsp;du 30 juin 2015 pour les organismes de formation professionnelle, il est maintenant, depuis 2022, certifi\u00e9&nbsp;Qualiopi.<\/p>\n\n\n\n<p>Qualiopi&nbsp;est une v\u00e9ritable d\u00e9marche qualit\u00e9 avec un audit men\u00e9 par un organisme certificateur ind\u00e9pendant et accr\u00e9dit\u00e9.<\/p>\n\n\n\n<p>Outre le fait d\u2019attester de la qualit\u00e9 des actions de&nbsp;formation&nbsp;dispens\u00e9es, la certification&nbsp;Qualiopi&nbsp;est n\u00e9cessaire pour la prise en charge des financements de vos formations par les op\u00e9rateurs de comp\u00e9tences&nbsp;(OPCO).&nbsp;<\/p>\n\n\n\n<p>Nous accompagnons les professionnels et particuliers dans tous leurs projets de formations. N\u2019h\u00e9sitez pas \u00e0 nous consulter pour \u00e9changer avec nous sur vos envies et vos besoins.&nbsp;<\/p>\n\n\n\n<div class=\"wp-block-button aligncenter\"><a class=\"wp-block-button__link has-background\" href=\"http:\/\/qd-formations.fr\/index.php\/catalogue-des-formations\/\" style=\"border-radius:5px;background-color:#275e76\">CONSULTER NOS PROGRAMMES<\/a><\/div>\n\n\n\n<p><\/p>\n\n\n\n<div class=\"wp-block-button aligncenter\"><a class=\"wp-block-button__link has-background\" href=\"http:\/\/qd-formations.fr\/index.php\/contact\/\" style=\"border-radius:5px;background-color:#967322\">CONTACTEZ-NOUS<\/a><\/div>\n","protected":false},"excerpt":{"rendered":"<p>Questions D\u00e9co, la chaux &amp; la formation Les \u00e9quipes QUESTIONS DECO ont acquis une expertise et des connaissances solides de la chaux naturelle, de sa complexit\u00e9, de ses propri\u00e9t\u00e9s. Notre point fort est aussi et avant tout la mise en<\/p>\n","protected":false},"author":1,"featured_media":0,"parent":0,"menu_order":0,"comment_status":"closed","ping_status":"closed","template":"","meta":[],"yoast_head":"<!-- This site is optimized with the Yoast SEO plugin v18.3 - https:\/\/yoast.com\/wordpress\/plugins\/seo\/ -->\n<title>Qui sommes-nous ? &bull; Centre de formation chaux &amp; b\u00e9ton cir\u00e9 \u00e0 Aix-en-Provence<\/title>\n<meta name=\"description\" content=\"Questions D\u00e9co formations \u00e0 Venelles au nord d&#039;Aix en Provence, est sp\u00e9cialis\u00e9 en formations d\u00e9coration et en applications de badigeon et enduits de chaux.\" \/>\n<meta name=\"robots\" content=\"index, follow, max-snippet:-1, max-image-preview:large, max-video-preview:-1\" \/>\n<link rel=\"canonical\" href=\"https:\/\/qd-formations.fr\/index.php\/qui-sommes-nous\/\" \/>\n<meta property=\"og:locale\" content=\"fr_FR\" \/>\n<meta property=\"og:type\" content=\"article\" \/>\n<meta property=\"og:title\" content=\"Qui sommes-nous ? &bull; Centre de formation chaux &amp; b\u00e9ton cir\u00e9 \u00e0 Aix-en-Provence\" \/>\n<meta property=\"og:description\" content=\"Questions D\u00e9co formations \u00e0 Venelles au nord d&#039;Aix en Provence, est sp\u00e9cialis\u00e9 en formations d\u00e9coration et en applications de badigeon et enduits de chaux.\" \/>\n<meta property=\"og:url\" content=\"https:\/\/qd-formations.fr\/index.php\/qui-sommes-nous\/\" \/>\n<meta property=\"og:site_name\" content=\"Centre de formation chaux &amp; b\u00e9ton cir\u00e9 \u00e0 Aix-en-Provence\" \/>\n<meta property=\"article:modified_time\" content=\"2022-03-17T08:45:12+00:00\" \/>\n<meta name=\"twitter:card\" content=\"summary_large_image\" \/>\n<meta name=\"twitter:label1\" content=\"Dur\u00e9e de lecture estim\u00e9e\" \/>\n\t<meta name=\"twitter:data1\" content=\"2 minutes\" \/>\n<script type=\"application\/ld+json\" class=\"yoast-schema-graph\">{\"@context\":\"https:\/\/schema.org\",\"@graph\":[{\"@type\":\"WebSite\",\"@id\":\"https:\/\/qd-formations.fr\/#website\",\"url\":\"https:\/\/qd-formations.fr\/\",\"name\":\"Centre de formation chaux &amp; b\u00e9ton cir\u00e9 \u00e0 Aix-en-Provence\",\"description\":\"D\u00e9coration &amp; restauration du Patrimoine\",\"potentialAction\":[{\"@type\":\"SearchAction\",\"target\":{\"@type\":\"EntryPoint\",\"urlTemplate\":\"https:\/\/qd-formations.fr\/?s={search_term_string}\"},\"query-input\":\"required name=search_term_string\"}],\"inLanguage\":\"fr-FR\"},{\"@type\":\"WebPage\",\"@id\":\"https:\/\/qd-formations.fr\/index.php\/qui-sommes-nous\/#webpage\",\"url\":\"https:\/\/qd-formations.fr\/index.php\/qui-sommes-nous\/\",\"name\":\"Qui sommes-nous ? &bull; Centre de formation chaux &amp; b\u00e9ton cir\u00e9 \u00e0 Aix-en-Provence\",\"isPartOf\":{\"@id\":\"https:\/\/qd-formations.fr\/#website\"},\"datePublished\":\"2019-03-06T15:46:05+00:00\",\"dateModified\":\"2022-03-17T08:45:12+00:00\",\"description\":\"Questions D\u00e9co formations \u00e0 Venelles au nord d'Aix en Provence, est sp\u00e9cialis\u00e9 en formations d\u00e9coration et en applications de badigeon et enduits de chaux.\",\"breadcrumb\":{\"@id\":\"https:\/\/qd-formations.fr\/index.php\/qui-sommes-nous\/#breadcrumb\"},\"inLanguage\":\"fr-FR\",\"potentialAction\":[{\"@type\":\"ReadAction\",\"target\":[\"https:\/\/qd-formations.fr\/index.php\/qui-sommes-nous\/\"]}]},{\"@type\":\"BreadcrumbList\",\"@id\":\"https:\/\/qd-formations.fr\/index.php\/qui-sommes-nous\/#breadcrumb\",\"itemListElement\":[{\"@type\":\"ListItem\",\"position\":1,\"name\":\"Accueil\",\"item\":\"https:\/\/qd-formations.fr\/\"},{\"@type\":\"ListItem\",\"position\":2,\"name\":\"Qui sommes-nous ?\"}]}]}<\/script>\n<!-- \/ Yoast SEO plugin. -->","yoast_head_json":{"title":"Qui sommes-nous ? &bull; Centre de formation chaux &amp; b\u00e9ton cir\u00e9 \u00e0 Aix-en-Provence","description":"Questions D\u00e9co formations \u00e0 Venelles au nord d'Aix en Provence, est sp\u00e9cialis\u00e9 en formations d\u00e9coration et en applications de badigeon et enduits de chaux.","robots":{"index":"index","follow":"follow","max-snippet":"max-snippet:-1","max-image-preview":"max-image-preview:large","max-video-preview":"max-video-preview:-1"},"canonical":"https:\/\/qd-formations.fr\/index.php\/qui-sommes-nous\/","og_locale":"fr_FR","og_type":"article","og_title":"Qui sommes-nous ? &bull; Centre de formation chaux &amp; b\u00e9ton cir\u00e9 \u00e0 Aix-en-Provence","og_description":"Questions D\u00e9co formations \u00e0 Venelles au nord d'Aix en Provence, est sp\u00e9cialis\u00e9 en formations d\u00e9coration et en applications de badigeon et enduits de chaux.","og_url":"https:\/\/qd-formations.fr\/index.php\/qui-sommes-nous\/","og_site_name":"Centre de formation chaux &amp; b\u00e9ton cir\u00e9 \u00e0 Aix-en-Provence","article_modified_time":"2022-03-17T08:45:12+00:00","twitter_card":"summary_large_image","twitter_misc":{"Dur\u00e9e de lecture estim\u00e9e":"2 minutes"},"schema":{"@context":"https:\/\/schema.org","@graph":[{"@type":"WebSite","@id":"https:\/\/qd-formations.fr\/#website","url":"https:\/\/qd-formations.fr\/","name":"Centre de formation chaux &amp; b\u00e9ton cir\u00e9 \u00e0 Aix-en-Provence","description":"D\u00e9coration &amp; restauration du Patrimoine","potentialAction":[{"@type":"SearchAction","target":{"@type":"EntryPoint","urlTemplate":"https:\/\/qd-formations.fr\/?s={search_term_string}"},"query-input":"required name=search_term_string"}],"inLanguage":"fr-FR"},{"@type":"WebPage","@id":"https:\/\/qd-formations.fr\/index.php\/qui-sommes-nous\/#webpage","url":"https:\/\/qd-formations.fr\/index.php\/qui-sommes-nous\/","name":"Qui sommes-nous ? &bull; Centre de formation chaux &amp; b\u00e9ton cir\u00e9 \u00e0 Aix-en-Provence","isPartOf":{"@id":"https:\/\/qd-formations.fr\/#website"},"datePublished":"2019-03-06T15:46:05+00:00","dateModified":"2022-03-17T08:45:12+00:00","description":"Questions D\u00e9co formations \u00e0 Venelles au nord d'Aix en Provence, est sp\u00e9cialis\u00e9 en formations d\u00e9coration et en applications de badigeon et enduits de chaux.","breadcrumb":{"@id":"https:\/\/qd-formations.fr\/index.php\/qui-sommes-nous\/#breadcrumb"},"inLanguage":"fr-FR","potentialAction":[{"@type":"ReadAction","target":["https:\/\/qd-formations.fr\/index.php\/qui-sommes-nous\/"]}]},{"@type":"BreadcrumbList","@id":"https:\/\/qd-formations.fr\/index.php\/qui-sommes-nous\/#breadcrumb","itemListElement":[{"@type":"ListItem","position":1,"name":"Accueil","item":"https:\/\/qd-formations.fr\/"},{"@type":"ListItem","position":2,"name":"Qui sommes-nous ?"}]}]}},"_links":{"self":[{"href":"https:\/\/qd-formations.fr\/index.php\/wp-json\/wp\/v2\/pages\/9"}],"collection":[{"href":"https:\/\/qd-formations.fr\/index.php\/wp-json\/wp\/v2\/pages"}],"about":[{"href":"https:\/\/qd-formations.fr\/index.php\/wp-json\/wp\/v2\/types\/page"}],"author":[{"embeddable":true,"href":"https:\/\/qd-formations.fr\/index.php\/wp-json\/wp\/v2\/users\/1"}],"replies":[{"embeddable":true,"href":"https:\/\/qd-formations.fr\/index.php\/wp-json\/wp\/v2\/comments?post=9"}],"version-history":[{"count":20,"href":"https:\/\/qd-formations.fr\/index.php\/wp-json\/wp\/v2\/pages\/9\/revisions"}],"predecessor-version":[{"id":653,"href":"https:\/\/qd-formations.fr\/index.php\/wp-json\/wp\/v2\/pages\/9\/revisions\/653"}],"wp:attachment":[{"href":"https:\/\/qd-formations.fr\/index.php\/wp-json\/wp\/v2\/media?parent=9"}],"curies":[{"name":"wp","href":"https:\/\/api.w.org\/{rel}","templated":true}]}}